{"id":5662,"date":"2025-07-02T14:29:56","date_gmt":"2025-07-02T12:29:56","guid":{"rendered":"https:\/\/lucicosmjobs.ro\/projektinfo\/"},"modified":"2025-07-02T14:29:56","modified_gmt":"2025-07-02T12:29:56","slug":"projektinfo","status":"publish","type":"page","link":"https:\/\/lucicosmjobs.ro\/de\/projektinfo\/","title":{"rendered":"Projektinfo"},"content":{"rendered":"\t\t<div data-elementor-type=\"wp-page\" data-elementor-id=\"5662\" class=\"elementor elementor-5662 elementor-5470\" data-elementor-post-type=\"page\">\n\t\t\t\t\t\t<section class=\"elementor-section elementor-top-section elementor-element elementor-element-9df4e7d elementor-section-content-middle elementor-section-boxed elementor-section-height-default elementor-section-height-default\" data-id=\"9df4e7d\" data-element_type=\"section\" data-e-type=\"section\">\n\t\t\t\t\t\t<div class=\"elementor-container elementor-column-gap-no\">\n\t\t\t\t\t<div class=\"elementor-column elementor-col-100 elementor-top-column elementor-element elementor-element-652bfea\" data-id=\"652bfea\" data-element_type=\"column\" data-e-type=\"column\">\n\t\t\t<div class=\"elementor-widget-wrap elementor-element-populated\">\n\t\t\t\t\t\t<div class=\"elementor-element elementor-element-c1de499 elementor-widget elementor-widget-image\" data-id=\"c1de499\" data-element_type=\"widget\" data-e-type=\"widget\" data-widget_type=\"image.default\">\n\t\t\t\t<div class=\"elementor-widget-container\">\n\t\t\t\t\t\t\t\t\t\t\t\t\t\t\t<img fetchpriority=\"high\" decoding=\"async\" width=\"2036\" height=\"169\" src=\"https:\/\/lucicosmjobs.ro\/wp-content\/uploads\/2025\/06\/logo-UE_NextGEN_Guv.-RO_PNRR_COLOR_RGB_A4.png\" class=\"attachment-full size-full wp-image-5601\" alt=\"\" srcset=\"https:\/\/lucicosmjobs.ro\/wp-content\/uploads\/2025\/06\/logo-UE_NextGEN_Guv.-RO_PNRR_COLOR_RGB_A4.png 2036w, https:\/\/lucicosmjobs.ro\/wp-content\/uploads\/2025\/06\/logo-UE_NextGEN_Guv.-RO_PNRR_COLOR_RGB_A4-300x25.png 300w, https:\/\/lucicosmjobs.ro\/wp-content\/uploads\/2025\/06\/logo-UE_NextGEN_Guv.-RO_PNRR_COLOR_RGB_A4-1024x85.png 1024w, https:\/\/lucicosmjobs.ro\/wp-content\/uploads\/2025\/06\/logo-UE_NextGEN_Guv.-RO_PNRR_COLOR_RGB_A4-768x64.png 768w, https:\/\/lucicosmjobs.ro\/wp-content\/uploads\/2025\/06\/logo-UE_NextGEN_Guv.-RO_PNRR_COLOR_RGB_A4-1536x127.png 1536w\" sizes=\"(max-width: 2036px) 100vw, 2036px\" \/>\t\t\t\t\t\t\t\t\t\t\t\t\t\t\t<\/div>\n\t\t\t\t<\/div>\n\t\t\t\t<div class=\"elementor-element elementor-element-02b5663 elementor-widget elementor-widget-heading\" data-id=\"02b5663\" data-element_type=\"widget\" data-e-type=\"widget\" data-widget_type=\"heading.default\">\n\t\t\t\t<div class=\"elementor-widget-container\">\n\t\t\t\t\t<h2 class=\"elementor-heading-title elementor-size-default\">Pressemitteilung<\/h2>\t\t\t\t<\/div>\n\t\t\t\t<\/div>\n\t\t\t\t<div class=\"elementor-element elementor-element-bbc14ff elementor-widget elementor-widget-heading\" data-id=\"bbc14ff\" data-element_type=\"widget\" data-e-type=\"widget\" data-widget_type=\"heading.default\">\n\t\t\t\t<div class=\"elementor-widget-container\">\n\t\t\t\t\t<h2 class=\"elementor-heading-title elementor-size-default\">\u201ePNRR: Mittel f\u00fcr ein modernes und reformiertes Rum\u00e4nien!\u201c<\/h2>\t\t\t\t<\/div>\n\t\t\t\t<\/div>\n\t\t\t\t<div class=\"elementor-element elementor-element-a9e36e6 elementor-widget elementor-widget-heading\" data-id=\"a9e36e6\" data-element_type=\"widget\" data-e-type=\"widget\" data-widget_type=\"heading.default\">\n\t\t\t\t<div class=\"elementor-widget-container\">\n\t\t\t\t\t<h2 class=\"elementor-heading-title elementor-size-default\">Ank\u00fcndigung zum Start des Projekts mit dem Titel<\/h2>\t\t\t\t<\/div>\n\t\t\t\t<\/div>\n\t\t\t\t<div class=\"elementor-element elementor-element-b082ed5 elementor-widget elementor-widget-heading\" data-id=\"b082ed5\" data-element_type=\"widget\" data-e-type=\"widget\" data-widget_type=\"heading.default\">\n\t\t\t\t<div class=\"elementor-widget-container\">\n\t\t\t\t\t<h2 class=\"elementor-heading-title elementor-size-default\">\u201eDigitale Entwicklung des Unternehmens LUCICOSM SRL\u201c<\/h2>\t\t\t\t<\/div>\n\t\t\t\t<\/div>\n\t\t\t\t<div class=\"elementor-element elementor-element-6dadc4f elementor-widget elementor-widget-text-editor\" data-id=\"6dadc4f\" data-element_type=\"widget\" data-e-type=\"widget\" data-widget_type=\"text-editor.default\">\n\t\t\t\t<div class=\"elementor-widget-container\">\n\t\t\t\t\t\t\t\t\t<div class=\"page\" title=\"Seite 1\">\n<div class=\"section\">\n<div class=\"layoutArea\">\n<div class=\"column\">\n<p><strong>Name des Beg\u00fcnstigten: LUCICOSM SRL<\/strong><\/p>\n<p><strong>LUCICOSM SRL<\/strong>, Steuernummer 8905200, eingetragen im Handelsregister unter der Nr. J33\/854\/1996, mit Sitz in der Gemeinde Suceava, Str. STATIUNII, Nr. 2, Block C 6, Ebene A, Ap. 1, Kreis Suceava, gibt den Start des Projekts \u201eDigitale Entwicklung des Unternehmens LUCICOSM SRL\u201c bekannt, Finanzierungsvertrag Nr. 3233.1\/i3\/c9, finanziert im Rahmen des Nationalen Wiederaufbau- und Resilienzplans, verwaltet vom Ministerium f\u00fcr Investitionen und europ\u00e4ische Projekte, S\u00e4ule III. INTELLIGENTES, NACHHALTIGES UND INKLUSIVES WACHSTUM, EINSCHLIESSLICH WIRTSCHAFTLICHEN ZUSAMMENHALTS, ARBEITSPL\u00c4TZEN, PRODUKTIVIT\u00c4T, WETTBEWERBSF\u00c4HIGKEIT, FORSCHUNG, ENTWICKLUNG UND INNOVATION SOWIE EINES FUNKTIONIERENDEN BINNENMARKTS MIT STARKEN KLEINEN UND MITTLEREN UNTERNEHMEN (KMU); Komponente C9. UNTERST\u00dcTZUNG DES PRIVATSEKTORS, VON FORSCHUNG, ENTWICKLUNG UND INNOVATION; Investition I3. BEIHILFEREGELUNGEN F\u00dcR DEN PRIVATSEKTOR; MASSNAHME 1. MINIMIS-REGELUNG UND BEIHILFEREGELUNG; DIGITALISIERUNG VON KMU \u2013 ZUSCHUSS VON BIS ZU 100.000 EURO PRO UNTERNEHMEN ZUR UNTERST\u00dcTZUNG VON KMU BEI DER EINF\u00dcHRUNG DIGITALER TECHNOLOGIEN; Ausschreibung 1.<\/p>\n<p><strong>Finanzierungsvertragsnummer<\/strong> 3233.1\/i3\/c9<\/p>\n<p><strong>Projektcode:<\/strong> 3233.1\/i3\/c9<\/p>\n<p><strong>Projektlaufzeit:<\/strong> 12.03.2025 \u2013 11.12.2025<\/p>\n<\/div>\n<p><\/div>\n<p><\/div>\n<p><\/p>\n<div class=\"section\">\n<div class=\"layoutArea\">\n<div class=\"column\">\n<p><strong>Hauptziel des Projekts:<\/strong> Digitale Ausstattung und Software f\u00fcr die Unternehmensentwicklung.<\/p>\n<\/div>\n<p><\/div>\n<p><\/div>\n<p><\/div>\n<p><\/div>\n<p><\/p>\n<div class=\"page\" title=\"Seite 2\">\n<div class=\"layoutArea\">\n<div class=\"column\">\n<p><strong>Spezifische Ziele des Projekts:<\/strong><\/p>\n<p><span style=\"font-size: 16px;\">\u25cf \u00a0Ausstattung des Unternehmens mit materiellen und immateriellen Verm\u00f6genswerten.<\/span><\/p>\n<\/div>\n<p><\/div>\n<p><\/p>\n<div class=\"section\">\n<div class=\"layoutArea\">\n<div class=\"column\">\n<p>\u25cf \u00a0Umsatzsteigerung in den n\u00e4chsten drei Jahren<\/p>\n<p>\u25cf \u00a0Steigerung der Arbeitsproduktivit\u00e4t bis zum Ende des Nachhaltigkeitszeitraums.<\/p>\n<p>\u25cf \u00a0Erf\u00fcllung von sechs Kriterien der digitalen Intensit\u00e4t gem\u00e4\u00df dem Digital Economy and Society Index (DESI) durch die Umsetzung des Digitalisierungsprojekts.<\/p>\n<\/div>\n<p><\/div>\n<p><\/div>\n<p><\/p>\n<div class=\"layoutArea\">\n<div class=\"column\">\n<p><strong>Wert des Finanzierungsvertrags:<\/strong><\/p>\n<p>Gesamtwert: 194.148,85 Lei<br \/>\nMaximaler Wert der nicht erstattungsf\u00e4higen Finanzierung: 146.893,86 Lei<br \/>\nAnrechenbarer Betrag aus dem PNRR: 146.893,86 Lei<br \/>\nNicht abzugsf\u00e4higer Mehrwertsteuerbetrag f\u00fcr aus dem PNRR f\u00f6rderf\u00e4hige Ausgaben: 0 Lei<br \/>\nGesamtwert des f\u00f6rderf\u00e4higen Betrags: 163.215,40 Lei<br \/>\nKofinanzierung des Beg\u00fcnstigten: 16.321,54 Lei<br \/>\nGesamtwert des nicht f\u00f6rderf\u00e4higen Betrags: 30.933,45 Lei<\/p>\n<p><strong>Kontaktdaten des Beg\u00fcnstigten:<\/strong><\/p>\n<p>LUCICOSM SRL<\/p>\n<p>STRATON RODICA<\/p>\n<p>E-Mail: <a href=\"mailto:lucicosmfondurieuropene@gmail.com\">lucicosmfondurieuropene@gmail.com<\/a><\/p>\n<\/div>\n<p><\/div>\n<p><\/div>\n\t\t\t\t\t\t\t\t<\/div>\n\t\t\t\t<\/div>\n\t\t\t\t<div class=\"elementor-element elementor-element-c49634c elementor-widget elementor-widget-heading\" data-id=\"c49634c\" data-element_type=\"widget\" data-e-type=\"widget\" data-widget_type=\"heading.default\">\n\t\t\t\t<div class=\"elementor-widget-container\">\n\t\t\t\t\t<h3 class=\"elementor-heading-title elementor-size-default\">\u201eDer Inhalt dieses Materials stellt nicht unbedingt die offizielle Position der Europ\u00e4ischen Union oder der rum\u00e4nischen Regierung dar.\u201c<\/h3>\t\t\t\t<\/div>\n\t\t\t\t<\/div>\n\t\t\t\t<div class=\"elementor-element elementor-element-91c1b60 elementor-widget elementor-widget-html\" data-id=\"91c1b60\" data-element_type=\"widget\" data-e-type=\"widget\" data-widget_type=\"html.default\">\n\t\t\t\t<div class=\"elementor-widget-container\">\n\t\t\t\t\t<div style=\"height: 4px; display: flex;\">\r\n<div style=\"flex: 1; background-color: #0057B7;\"><\/div> <!-- blau --><br><div style=\"flex: 1; background-color: #FFD700;\"><\/div> <!-- gelb --><br><div style=\"flex: 1; background-color: #FF0000;\"><\/div> <!-- rot --><br><\/div>\t\t\t\t<\/div>\n\t\t\t\t<\/div>\n\t\t\t\t<div class=\"elementor-element elementor-element-74c4ed4 elementor-widget elementor-widget-heading\" data-id=\"74c4ed4\" data-element_type=\"widget\" data-e-type=\"widget\" data-widget_type=\"heading.default\">\n\t\t\t\t<div class=\"elementor-widget-container\">\n\t\t\t\t\t<h3 class=\"elementor-heading-title elementor-size-default\">\u201ePNRR. Gef\u00f6rdert durch die Europ\u00e4ische Union \u2013 NextGenerationEU\u201c<\/h3>\t\t\t\t<\/div>\n\t\t\t\t<\/div>\n\t\t\t\t<div class=\"elementor-element elementor-element-2c6ad96 elementor-icon-list--layout-inline elementor-align-center elementor-list-item-link-full_width elementor-widget elementor-widget-icon-list\" data-id=\"2c6ad96\" data-element_type=\"widget\" data-e-type=\"widget\" data-widget_type=\"icon-list.default\">\n\t\t\t\t<div class=\"elementor-widget-container\">\n\t\t\t\t\t\t\t<ul class=\"elementor-icon-list-items elementor-inline-items\">\n\t\t\t\t\t\t\t<li class=\"elementor-icon-list-item elementor-inline-item\">\n\t\t\t\t\t\t\t\t\t\t\t<a href=\"https:\/\/mfe.gov.ro\/pnrr\/\" target=\"_blank\">\n\n\t\t\t\t\t\t\t\t\t\t\t<span class=\"elementor-icon-list-text\">https:\/\/mfe.gov.ro\/pnrr\/<\/span>\n\t\t\t\t\t\t\t\t\t\t\t<\/a>\n\t\t\t\t\t\t\t\t\t<\/li>\n\t\t\t\t\t\t\t\t<li class=\"elementor-icon-list-item elementor-inline-item\">\n\t\t\t\t\t\t\t\t\t\t\t<a href=\"https:\/\/www.facebook.com\/PNRROficial\/https:\/\/www.facebook.com\/PNRROficial\/\" target=\"_blank\">\n\n\t\t\t\t\t\t\t\t\t\t\t<span class=\"elementor-icon-list-text\">https:\/\/www.facebook.com\/PNRROficial\/<\/span>\n\t\t\t\t\t\t\t\t\t\t\t<\/a>\n\t\t\t\t\t\t\t\t\t<\/li>\n\t\t\t\t\t\t<\/ul>\n\t\t\t\t\t\t<\/div>\n\t\t\t\t<\/div>\n\t\t\t\t\t<\/div>\n\t\t<\/div>\n\t\t\t\t\t<\/div>\n\t\t<\/section>\n\t\t\t\t<\/div>\n\t\t","protected":false},"excerpt":{"rendered":"<p>Pressemitteilung \u201ePNRR: Mittel f\u00fcr ein modernes und reformiertes Rum\u00e4nien!\u201c Ank\u00fcndigung zum Start des Projekts mit dem Titel \u201eDigitale Entwicklung des Unternehmens LUCICOSM SRL\u201c Name des Beg\u00fcnstigten: LUCICOSM SRL LUCICOSM SRL, Steuernummer 8905200, eingetragen im Handelsregister unter der Nr. J33\/854\/1996, mit Sitz in der Gemeinde Suceava, Str. STATIUNII, Nr. 2, Block C 6, Ebene A, Ap. [&hellip;]<\/p>\n","protected":false},"author":1,"featured_media":0,"parent":0,"menu_order":0,"comment_status":"closed","ping_status":"closed","template":"","meta":{"_acf_changed":false,"site-sidebar-layout":"no-sidebar","site-content-layout":"page-builder","ast-site-content-layout":"full-width-container","site-content-style":"default","site-sidebar-style":"default","ast-global-header-display":"","ast-banner-title-visibility":"","ast-main-header-display":"","ast-hfb-above-header-display":"","ast-hfb-below-header-display":"","ast-hfb-mobile-header-display":"","site-post-title":"disabled","ast-breadcrumbs-content":"","ast-featured-img":"disabled","footer-sml-layout":"","ast-disable-related-posts":"","theme-transparent-header-meta":"","adv-header-id-meta":"","stick-header-meta":"","header-above-stick-meta":"","header-main-stick-meta":"","header-below-stick-meta":"","astra-migrate-meta-layouts":"default","ast-page-background-enabled":"default","ast-page-background-meta":{"desktop":{"background-color":"","background-image":"","background-repeat":"repeat","background-position":"center center","background-size":"auto","background-attachment":"scroll","background-type":"","background-media":"","overlay-type":"","overlay-color":"","overlay-opacity":"","overlay-gradient":""},"tablet":{"background-color":"","background-image":"","background-repeat":"repeat","background-position":"center center","background-size":"auto","background-attachment":"scroll","background-type":"","background-media":"","overlay-type":"","overlay-color":"","overlay-opacity":"","overlay-gradient":""},"mobile":{"background-color":"","background-image":"","background-repeat":"repeat","background-position":"center center","background-size":"auto","background-attachment":"scroll","background-type":"","background-media":"","overlay-type":"","overlay-color":"","overlay-opacity":"","overlay-gradient":""}},"ast-content-background-meta":{"desktop":{"background-color":"var(--ast-global-color-5)","background-image":"","background-repeat":"repeat","background-position":"center center","background-size":"auto","background-attachment":"scroll","background-type":"","background-media":"","overlay-type":"","overlay-color":"","overlay-opacity":"","overlay-gradient":""},"tablet":{"background-color":"var(--ast-global-color-5)","background-image":"","background-repeat":"repeat","background-position":"center center","background-size":"auto","background-attachment":"scroll","background-type":"","background-media":"","overlay-type":"","overlay-color":"","overlay-opacity":"","overlay-gradient":""},"mobile":{"background-color":"var(--ast-global-color-5)","background-image":"","background-repeat":"repeat","background-position":"center center","background-size":"auto","background-attachment":"scroll","background-type":"","background-media":"","overlay-type":"","overlay-color":"","overlay-opacity":"","overlay-gradient":""}},"footnotes":""},"class_list":["post-5662","page","type-page","status-publish","hentry"],"acf":[],"aioseo_notices":[],"_links":{"self":[{"href":"https:\/\/lucicosmjobs.ro\/de\/wp-json\/wp\/v2\/pages\/5662","targetHints":{"allow":["GET"]}}],"collection":[{"href":"https:\/\/lucicosmjobs.ro\/de\/wp-json\/wp\/v2\/pages"}],"about":[{"href":"https:\/\/lucicosmjobs.ro\/de\/wp-json\/wp\/v2\/types\/page"}],"author":[{"embeddable":true,"href":"https:\/\/lucicosmjobs.ro\/de\/wp-json\/wp\/v2\/users\/1"}],"replies":[{"embeddable":true,"href":"https:\/\/lucicosmjobs.ro\/de\/wp-json\/wp\/v2\/comments?post=5662"}],"version-history":[{"count":1,"href":"https:\/\/lucicosmjobs.ro\/de\/wp-json\/wp\/v2\/pages\/5662\/revisions"}],"predecessor-version":[{"id":5663,"href":"https:\/\/lucicosmjobs.ro\/de\/wp-json\/wp\/v2\/pages\/5662\/revisions\/5663"}],"wp:attachment":[{"href":"https:\/\/lucicosmjobs.ro\/de\/wp-json\/wp\/v2\/media?parent=5662"}],"curies":[{"name":"wp","href":"https:\/\/api.w.org\/{rel}","templated":true}]}}